{"id":2106,"date":"2025-04-08T18:12:24","date_gmt":"2025-04-08T17:12:24","guid":{"rendered":"https:\/\/pmemaissustentavel.pt\/plataforma\/?page_id=2106"},"modified":"2026-01-28T14:24:31","modified_gmt":"2026-01-28T14:24:31","slug":"saiba-mais","status":"publish","type":"page","link":"https:\/\/scoringesglab.pt\/esglab\/saiba-mais\/","title":{"rendered":"Saiba Mais"},"content":{"rendered":"\n<div class=\"wp-block-columns is-layout-flex wp-container-core-columns-is-layout-9d6595d7 wp-block-columns-is-layout-flex\">\n<div class=\"wp-block-column is-layout-flow wp-block-column-is-layout-flow\" style=\"flex-basis:25%\"><\/div>\n\n\n\n<div class=\"wp-block-column is-layout-flow wp-block-column-is-layout-flow\" style=\"flex-basis:50%\"><\/div>\n\n\n\n<div class=\"wp-block-column is-layout-flow wp-block-column-is-layout-flow\" style=\"flex-basis:25%\"><\/div>\n<\/div>\n\n\n    <div class=\"saber-mais-page\">\n        <div class=\"site-container\">\n            <section class=\"saber-mais-intro\">\n                <h1>Enquadramento geral do processo - composto por 5 fases<\/h1>\n                <p>A passagem de uma fase para a outra implica a valida&ccedil;&atilde;o pelo gestor de projeto da SCORING que lhe foi atribu&iacute;do. Encontrar&aacute; de seguida uma explica&ccedil;&atilde;o para cada uma das fases.<\/p>\n            <\/section>\n\n            <div class=\"saber-mais-accordion\" data-saber-mais-accordion>\n                <div class=\"saber-mais-accordion-item is-open\">\n                    <button class=\"saber-mais-accordion-trigger\" type=\"button\" id=\"saber-mais-trigger-1\" aria-expanded=\"true\" aria-controls=\"saber-mais-panel-1\">\n                        <span class=\"saber-mais-accordion-title\">Autoavalia&ccedil;&atilde;o<\/span>\n                        <span class=\"saber-mais-accordion-icon\" aria-hidden=\"true\"><\/span>\n                    <\/button>\n                    <div class=\"saber-mais-accordion-panel\" id=\"saber-mais-panel-1\" role=\"region\" aria-labelledby=\"saber-mais-trigger-1\">\n                        <div class=\"saber-mais-accordion-grid\">\n                            <div class=\"saber-mais-accordion-media\">\n                                <img decoding=\"async\" src=\"https:\/\/new-pme.local\/wp-content\/uploads\/autoavaliacao-600x600.jpg\" alt=\"\">\n                            <\/div>\n                            <div class=\"saber-mais-accordion-text\">\n                                <p>A autoavalia&ccedil;&atilde;o tem como objetivo avaliar o n&iacute;vel de maturidade da organiza&ccedil;&atilde;o em mat&eacute;ria de sustentabilidade, identificando o grau de implementa&ccedil;&atilde;o dos requisitos legais, normativos e das boas pr&aacute;ticas ESG. Este processo permite obter uma vis&atilde;o transversal e integrada dos processos existentes, bem como do posicionamento da organiza&ccedil;&atilde;o face &agrave;s exig&ecirc;ncias atuais e futuras em mat&eacute;ria de sustentabilidade.<\/p>\n                                <p>A autoavalia&ccedil;&atilde;o incide, nomeadamente, sobre:<\/p>\n                                <p>&bull; A estrutura de governa&ccedil;&atilde;o e as responsabilidades em mat&eacute;ria de sustentabilidade;<\/p>\n                                <p>&bull; A exist&ecirc;ncia e robustez de pol&iacute;ticas, procedimentos e controlos internos;<\/p>\n                                <p>&bull; O grau de integra&ccedil;&atilde;o dos temas ESG na estrat&eacute;gia e no modelo de neg&oacute;cio;<\/p>\n                                <p>&bull; Os processos de gest&atilde;o de impactos, riscos e oportunidades;<\/p>\n                                <p>&bull; Os mecanismos de monitoriza&ccedil;&atilde;o, recolha, controlo e qualidade dos dados ESG.<\/p>\n                                <p>Como resultado, a autoavalia&ccedil;&atildeo permite:<\/p>\n                                <p>&bull; A caracteriza&ccedil;&atilde;o do n&iacute;vel de maturidade ESG global da organiza&ccedil;&atildeo;<\/p>\n                                <p>&bull; A avalia&ccedil;&atildeo individualizada do desempenho nos pilares Ambiental, Social e de Governa&ccedil;&atildeo;<\/p>\n                                <p>&bull; A identifica&ccedil;&atildeo de lacunas, pontos fortes e oportunidades de melhoria;<\/p>\n                                <p>&bull; O suporte &agrave; defini&ccedil;&atildeo de prioridades de interven&ccedil;&atildeo e ao planeamento das etapas seguintes do processo de sustentabilidade.<\/p>\n                            <\/div>\n                        <\/div>\n                    <\/div>\n                <\/div>\n\n                <div class=\"saber-mais-accordion-item\">\n                    <button class=\"saber-mais-accordion-trigger\" type=\"button\" id=\"saber-mais-trigger-2\" aria-expanded=\"false\" aria-controls=\"saber-mais-panel-2\">\n                        <span class=\"saber-mais-accordion-title\">Diagn&oacute;stico<\/span>\n                        <span class=\"saber-mais-accordion-icon\" aria-hidden=\"true\"><\/span>\n                    <\/button>\n                    <div class=\"saber-mais-accordion-panel\" id=\"saber-mais-panel-2\" role=\"region\" aria-labelledby=\"saber-mais-trigger-2\" hidden>\n                        <div class=\"saber-mais-accordion-grid\">\n                            <div class=\"saber-mais-accordion-media\">\n                                <img decoding=\"async\" src=\"https:\/\/new-pme.local\/wp-content\/uploads\/elevated-view-businesspeople-analyzing-graph-desk-600x600.jpg\" alt=\"\">\n                            <\/div>\n                            <div class=\"saber-mais-accordion-text\">\n                                <p>Mapear e avaliar os principais aspetos que definem o contexto da organiza&ccedil;&atildeo, permitindo compreender de forma integrada os fatores internos e externos que influenciam o seu desempenho, a sua estrat&eacute;gia e os seus impactos de governa&ccedil;&atildeo, ambientais e sociais.<\/p>\n                                <p>Este processo inclui:<\/p>\n                                <p>(i) Caracteriza&ccedil;&atildeo da organiza&ccedil;&atildeo, abrangendo a an&aacute;lise do modelo de neg&oacute;cio, da estrutura organizacional, das atividades desenvolvidas, dos mercados em que opera, do enquadramento regulamentar aplic&aacute;vel e das principais pol&iacute;ticas e pr&aacute;ticas de gest&atildeo existentes. Esta caracteriza&ccedil;&atildeo permite identificar os elementos estruturantes da organiza&ccedil;&atildeo, bem como os fatores cr&iacute;ticos para a cria&ccedil;&atildeo de valor a curto, m&eacute;dio e longo prazo.<\/p>\n                                <p>(ii) Caracteriza&ccedil;&atildeo da cadeia de valor, considerando as atividades a montante e a jusante, os principais parceiros, fornecedores, clientes e restantes partes relevantes. Esta an&aacute;lise permite identificar os pontos cr&iacute;ticos da cadeia de valor, os potenciais impactos, riscos e oportunidades associados, bem como o grau de influ&ecirc;ncia e depend&ecirc;ncia da organiza&ccedil;&atildeo relativamente aos diferentes elos da cadeia, em linha com os princ&iacute;pios da CSRD e da CS3D.<\/p>\n                                <p>(iii) Abordagem estrat&eacute;gica aos Objetivos de Desenvolvimento Sustent&aacute;vel (ODS), avaliando o alinhamento entre as atividades da organiza&ccedil;&atildeo, a sua estrat&eacute;gia de sustentabilidade e os ODS mais relevantes. Esta etapa visa identificar as prioridades estrat&eacute;gicas, os contributos positivos diretos e indiretos, assegurando a integra&ccedil;&atildeo dos ODS como refer&ecirc;ncia para a defini&ccedil;&atildeo de objetivos, pol&iacute;ticas e a&ccedil;&otildees de sustentabilidade.<\/p>\n                                <p>Este mapeamento constitui uma base fundamental para os restantes instrumentos de sustentabilidade, nomeadamente a an&aacute;lise de dupla materialidade, a gest&atildeo de riscos ESG e a defini&ccedil;&atildeo de uma estrat&eacute;gia de sustentabilidade alinhada com o modelo de neg&oacute;cio e os requisitos regulamentares.<\/p>\n                            <\/div>\n                        <\/div>\n                    <\/div>\n                <\/div>\n\n                <div class=\"saber-mais-accordion-item\">\n                    <button class=\"saber-mais-accordion-trigger\" type=\"button\" id=\"saber-mais-trigger-3\" aria-expanded=\"false\" aria-controls=\"saber-mais-panel-3\">\n                        <span class=\"saber-mais-accordion-title\">Materialidade<\/span>\n                        <span class=\"saber-mais-accordion-icon\" aria-hidden=\"true\"><\/span>\n                    <\/button>\n                    <div class=\"saber-mais-accordion-panel\" id=\"saber-mais-panel-3\" role=\"region\" aria-labelledby=\"saber-mais-trigger-3\" hidden>\n                        <div class=\"saber-mais-accordion-grid\">\n                            <div class=\"saber-mais-accordion-media\">\n                                <img decoding=\"async\" src=\"https:\/\/new-pme.local\/wp-content\/uploads\/front-view-man-with-wooden-blocks-1-600x600.jpg\" alt=\"\">\n                            <\/div>\n                            <div class=\"saber-mais-accordion-text\">\n                                <p>A materialidade consiste em um processo estruturado de envolvimento das partes interessadas para identificar, priorizar e validar os temas que s\u00e3o mais relevantes para a organiza\u00e7\u00e3o e para seus stakeholders. Esse processo orienta a defini\u00e7\u00e3o de prioridades estrat\u00e9gicas, a tomada de decis\u00e3o e a aloca\u00e7\u00e3o de recursos, assegurando que a atua\u00e7\u00e3o da organiza\u00e7\u00e3o esteja alinhada aos impactos de governa\u00e7\u00e3o, ambientais e sociais mais significativos.<\/p>\n                                <p>A abordagem \u00e9 fundamentada em metodologias internacionais reconhecidas, como o AA1000 Stakeholder Engagement Standard e o Materiality Assessment Implementation Guidance.<\/p>\n                            <\/div>\n                        <\/div>\n                    <\/div>\n                <\/div>\n\n                <div class=\"saber-mais-accordion-item\">\n                    <button class=\"saber-mais-accordion-trigger\" type=\"button\" id=\"saber-mais-trigger-4\" aria-expanded=\"false\" aria-controls=\"saber-mais-panel-4\">\n                        <span class=\"saber-mais-accordion-title\">Estrat&eacute;gia<\/span>\n                        <span class=\"saber-mais-accordion-icon\" aria-hidden=\"true\"><\/span>\n                    <\/button>\n                    <div class=\"saber-mais-accordion-panel\" id=\"saber-mais-panel-4\" role=\"region\" aria-labelledby=\"saber-mais-trigger-4\" hidden>\n                        <div class=\"saber-mais-accordion-grid\">\n                            <div class=\"saber-mais-accordion-media\">\n                                <img decoding=\"async\" src=\"https:\/\/new-pme.local\/wp-content\/uploads\/rising-graph-representing-profit-using-clean-energy-closeup-delineation-600x600.jpg\" alt=\"\">\n                            <\/div>\n                            <div class=\"saber-mais-accordion-text\">\n                                <p>Definir a estrat\u00e9gia de sustentabilidade envolve estabelecer, de forma clara e estruturada, as prioridades da organiza\u00e7\u00e3o para o seu ciclo estrat\u00e9gico, com base nos temas materiais, no contexto do neg\u00f3cio e nas expectativas das partes interessadas. Essa estrat\u00e9gia orienta a integra\u00e7\u00e3o da sustentabilidade \u00e0 vis\u00e3o corporativa, garantindo coer\u00eancia entre prop\u00f3sito, riscos, oportunidades e cria\u00e7\u00e3o de valor no curto, m\u00e9dio e longo prazo.<\/p>\n                                <p>A partir da estrat\u00e9gia definida, \u00e9 desenvolvido um plano de a\u00e7\u00e3o que traduz as prioridades estrat\u00e9gicas em iniciativas concretas, com a defini\u00e7\u00e3o de respons\u00e1veis, prazos, objetivos, indicadores e metas mensur\u00e1veis. Este plano assegura a execu\u00e7\u00e3o efetiva da estrat\u00e9gia, o acompanhamento de resultados e a melhoria cont\u00ednua do desempenho ambiental, social e de governa\u00e7\u00e3o da organiza\u00e7\u00e3o.<\/p>\n                            <\/div>\n                        <\/div>\n                    <\/div>\n                <\/div>\n\n                <div class=\"saber-mais-accordion-item\">\n                    <button class=\"saber-mais-accordion-trigger\" type=\"button\" id=\"saber-mais-trigger-5\" aria-expanded=\"false\" aria-controls=\"saber-mais-panel-5\">\n                        <span class=\"saber-mais-accordion-title\">Relat&oacute;rio ESG<\/span>\n                        <span class=\"saber-mais-accordion-icon\" aria-hidden=\"true\"><\/span>\n                    <\/button>\n                    <div class=\"saber-mais-accordion-panel\" id=\"saber-mais-panel-5\" role=\"region\" aria-labelledby=\"saber-mais-trigger-5\" hidden>\n                        <div class=\"saber-mais-accordion-grid\">\n                            <div class=\"saber-mais-accordion-media\">\n                                <img decoding=\"async\" src=\"https:\/\/new-pme.local\/wp-content\/uploads\/rising-graph-representing-profit-using-clean-energy-closeup-delineation-600x600.jpg\" alt=\"\">\n                            <\/div>\n                            <div class=\"saber-mais-accordion-text\">\n                                <p>Preparar o Relat&oacute;rio ESG de acordo com o referencial VSME, assegurando uma divulga&ccedil;&atildeo estruturada das pol&iacute;ticas, pr&aacute;ticas, indicadores e resultados da organiza&ccedil;&atildeo nos dom&iacute;nios ambiental, social e de governa&ccedil;&atildeo. O relat&oacute;rio &eacute; desenvolvido com base numa abordagem pragm&aacute;tica e alinhada com as boas pr&aacute;ticas europeias de reporte de sustentabilidade, garantindo transpar&ecirc;ncia, consist&ecirc;ncia e comparabilidade da informa&ccedil;&atildeo divulgada.<\/p>\n                                <p>Este processo inclui:<\/p>\n                                <p>&bull; A defini&ccedil;&atildeo do per&iacute;metro e conte&uacute;dos de reporte de acordo com os requisitos VSME;<\/p>\n                                <p>&bull; A recolha, valida&ccedil;&atildeo e consolida&ccedil;&atildeo da informa&ccedil;&atildeo qualitativa e quantitativa ESG;<\/p>\n                                <p>&bull; A estrutura&ccedil;&atildeo do relat&oacute;rio em coer&ecirc;ncia com a estrat&eacute;gia, o modelo de neg&oacute;cio e os temas materiais;<\/p>\n                                <p>&bull; A apresenta&ccedil;&atildeo dos indicadores;<\/p>\n                                <p>&bull; A prepara&ccedil;&atildeo da organiza&ccedil;&atildeo para futuras exig&ecirc;ncias de reporte CSRD, sempre que aplic&aacute;vel.<\/p>\n                                <p>O Relat&oacute;rio ESG segundo a VSME constitui um instrumento essencial para refor&ccedil;ar a credibilidade, transpar&ecirc;ncia e maturidade da gest&atildeo da sustentabilidade, apoiar a comunica&ccedil;&atildeo com clientes, parceiros, financiadores e outras partes interessadas, e posicionar a organiza&ccedil;&atildeo de forma consistente na sua jornada de sustentabilidade.<\/p>\n                            <\/div>\n                        <\/div>\n                    <\/div>\n                <\/div>\n            <\/div>\n        <\/div>\n    <\/div>\n    \n","protected":false},"excerpt":{"rendered":"","protected":false},"author":12,"featured_media":0,"parent":0,"menu_order":0,"comment_status":"closed","ping_status":"closed","template":"","meta":{"_acf_changed":false,"footnotes":""},"class_list":["post-2106","page","type-page","status-publish","hentry"],"acf":[],"_links":{"self":[{"href":"https:\/\/scoringesglab.pt\/esglab\/wp-json\/wp\/v2\/pages\/2106","targetHints":{"allow":["GET"]}}],"collection":[{"href":"https:\/\/scoringesglab.pt\/esglab\/wp-json\/wp\/v2\/pages"}],"about":[{"href":"https:\/\/scoringesglab.pt\/esglab\/wp-json\/wp\/v2\/types\/page"}],"author":[{"embeddable":true,"href":"https:\/\/scoringesglab.pt\/esglab\/wp-json\/wp\/v2\/users\/12"}],"replies":[{"embeddable":true,"href":"https:\/\/scoringesglab.pt\/esglab\/wp-json\/wp\/v2\/comments?post=2106"}],"version-history":[{"count":62,"href":"https:\/\/scoringesglab.pt\/esglab\/wp-json\/wp\/v2\/pages\/2106\/revisions"}],"predecessor-version":[{"id":2236,"href":"https:\/\/scoringesglab.pt\/esglab\/wp-json\/wp\/v2\/pages\/2106\/revisions\/2236"}],"wp:attachment":[{"href":"https:\/\/scoringesglab.pt\/esglab\/wp-json\/wp\/v2\/media?parent=2106"}],"curies":[{"name":"wp","href":"https:\/\/api.w.org\/{rel}","templated":true}]}}